{"id":2,"date":"2025-03-17T12:50:02","date_gmt":"2025-03-17T12:50:02","guid":{"rendered":"https:\/\/wilmannsykkel.no\/?page_id=2"},"modified":"2025-10-15T08:21:03","modified_gmt":"2025-10-15T08:21:03","slug":"sample-page","status":"publish","type":"page","link":"https:\/\/wilmannsykkel.no\/","title":{"rendered":"Hjem"},"content":{"rendered":"<h1>Din perfekte sykkel \u2013 Skreddersydd for deg<\/h1>\n<div>\n<p>Vi hjelper deg \u00e5 finne riktig sykkel fra anerkjente merker, tilpasset dine behov og \u00f8nsker.<\/p>\n<\/div>\n<h1>Husk vinterservice<\/h1>\n<div>Vi har piggdekk p\u00e5 lager<\/div>\n<p><p>\n        <a href=\"\/?page_id=9\">Bestill service n\u00e5!<\/a>\n    <\/p>\n<\/p>\n<h2>Tilbud<\/h2>\n<ul>\n<li>\n<p>        <img decoding=\"async\" src=\"\/wp-content\/uploads\/2025\/10\/Kona-Sutra-56-cm.png\" alt=\"\"><\/p>\n<h3>Kona Sutra 56 cm<\/h3>\n<div>kr 16.990.-<\/div>\n<p><a href=\"\/?page_id=200\">Kontakt for intresse<\/a><\/p>\n<\/li>\n<li>\n<p>        <img decoding=\"async\" src=\"\/wp-content\/uploads\/2025\/10\/Kona-Dr.-Dew-XL.png\" alt=\"\"><\/p>\n<h3>Kona Dr. Dew XL<\/h3>\n<div>kr 12.990.-<\/div>\n<p><a href=\"\/?page_id=200\">Kontakt for intresse<\/a><\/p>\n<\/li>\n<li>\n<p>        <img decoding=\"async\" src=\"\/wp-content\/uploads\/2025\/10\/Mondraker-SLY-R-large.png\" alt=\"\"><\/p>\n<h3>Mondraker SLY R large<\/h3>\n<div>kr 49.990.-<\/div>\n<p><a href=\"\/?page_id=200\">Kontakt for intresse<\/a><\/p>\n<\/li>\n<li>\n<p>        <img decoding=\"async\" src=\"\/wp-content\/uploads\/2025\/10\/Mondraker-Crono.png\" alt=\"\"><\/p>\n<h3>Mondraker Crono<\/h3>\n<div>kr 11.990.-<\/div>\n<p><a href=\"\/?page_id=200\">Kontakt for intresse<\/a><\/p>\n<\/li>\n<\/ul>\n<h2>Velkommen til Wilmann sykkel<\/h2>\n<div>Wilmann Sykkel er ett sykkelverksted og sykkelbutikk som driver med alle typer sykler. Vi selger bare nye sykler, ikke brukte, men reparere alle typer sykler. Nye som gamle.<\/div>\n<p><p>\n        <a href=\"\/?page_id=200\">Kontakt<\/a>\n    <\/p>\n<\/p>\n<h1>V\u00e5re tjenester<\/h1>\n<h1>Verksted<\/h1>\n<p><img decoding=\"async\" src=\"\/wp-content\/uploads\/2025\/03\/bike_workshop.jpg\" alt=\"\"><\/p>\n<div>V\u00e5rt verksted tilbyr grundig service og reparasjon for alle typer sykler. Enten det gjelder justering av gir, bytte av bremser eller en fullstendig overhaling, s\u00f8rger v\u00e5re erfarne mekanikere for at sykkelen din er i topp stand. Vi bruker kvalitetsdeler og presisjonsverkt\u00f8y for \u00e5 sikre best mulig ytelse og holdbarhet. Bestill time i dag og gi sykkelen din den pleien den fortjener!<\/div>\n<p><p>\n        <a href=\"\/?page_id=9\">Verksted<\/a>\n    <\/p>\n<\/p>\n<h1>Ny sykkel<\/h1>\n<p><img decoding=\"async\" src=\"\/wp-content\/uploads\/2025\/03\/new_kona_bike.png\" alt=\"\"><\/p>\n<div>Hos Wilmann Sykkel hjelper vi deg med \u00e5 finne den ideelle sykkelen tilpasset dine behov, kj\u00f8restil og kroppsm\u00e5l. Vi samarbeider med anerkjente merker og bestiller sykkelen direkte fra leverand\u00f8ren, slik at du f\u00e5r en personlig tilpasset l\u00f8sning. Vi justerer seteh\u00f8yde, styreposisjon og gir deg r\u00e5d om riktig modell \u2013 enten du trenger en terrengsykkel, bysykkel eller elsykkel.<\/div>\n<p><p>\n        <a href=\"\/?page_id=7\">Se utvalg<\/a>\n    <\/p>\n<\/p>\n<h1>Sykkelmerkene vi f\u00f8rer<\/h1>\n<ul>\n<li>\n<p>        <img decoding=\"async\" src=\"\/wp-content\/uploads\/2025\/03\/frog-bikes-logo.png\" alt=\"\"><\/p>\n<h3>frog bikes logo<\/h3>\n<\/li>\n<li>\n<p>        <img decoding=\"async\" src=\"\/wp-content\/uploads\/2025\/03\/kona_logo.png\" alt=\"\"><\/p>\n<h3>kona_logo<\/h3>\n<\/li>\n<li>\n<p>        <img decoding=\"async\" src=\"\/wp-content\/uploads\/2025\/03\/pinarello_logo.png\" alt=\"\"><\/p>\n<h3>pinarello_logo<\/h3>\n<\/li>\n<li>\n<p>        <img decoding=\"async\" src=\"\/wp-content\/uploads\/2025\/04\/Mondraker-Logo.png\" alt=\"\"><\/p>\n<\/li>\n<\/ul>\n<p><!--more--><br \/>\n<!-- {\"type\":\"layout\",\"children\":[{\"type\":\"section\",\"props\":{\"image\":\"wp-content\\\/uploads\\\/2025\\\/03\\\/forsidebilde.png\",\"image_position\":\"center-center\",\"image_size\":\"cover\",\"media_overlay\":\"rgba(0, 0, 0, 0.25)\",\"overlap\":false,\"padding\":\"xlarge\",\"padding_remove_bottom\":false,\"style\":\"primary\",\"title_breakpoint\":\"xl\",\"title_position\":\"top-left\",\"title_rotation\":\"left\",\"vertical_align\":\"middle\",\"width\":\"default\"},\"children\":[{\"type\":\"row\",\"children\":[{\"type\":\"column\",\"props\":{\"image_position\":\"center-center\",\"image_size\":\"cover\",\"position_sticky_breakpoint\":\"m\"},\"children\":[{\"type\":\"headline\",\"props\":{\"content\":\"Din perfekte sykkel \\u2013 Skreddersydd for deg\",\"text_align\":\"center\",\"title_element\":\"h1\"}},{\"type\":\"text\",\"props\":{\"column_breakpoint\":\"m\",\"content\":\"\n\n<p>Vi hjelper deg \\u00e5 finne riktig sykkel fra anerkjente merker, tilpasset dine behov og \\u00f8nsker.<\\\/p>\",\"margin\":\"default\",\"text_align\":\"center\",\"text_style\":\"large\"}}]}]}],\"name\":\"Hero\"},{\"type\":\"section\",\"props\":{\"image_position\":\"center-center\",\"padding\":\"xlarge\",\"padding_remove_top\":false,\"style\":\"primary\",\"title_breakpoint\":\"xl\",\"title_position\":\"top-left\",\"title_rotation\":\"left\",\"vertical_align\":\"middle\",\"width\":\"default\"},\"children\":[{\"type\":\"row\",\"props\":{\"margin\":\"xlarge\"},\"children\":[{\"type\":\"column\",\"props\":{\"image_position\":\"center-center\",\"position_sticky_breakpoint\":\"m\",\"style\":\"card-default\"},\"children\":[{\"type\":\"fragment\",\"props\":{\"css\":\"h1, p, b, a {\\n \\tcolor: black !important;\\n}\",\"margin\":\"default\"},\"children\":[{\"type\":\"row\",\"children\":[{\"type\":\"column\",\"props\":{\"image_position\":\"center-center\",\"position_sticky_breakpoint\":\"m\"},\"children\":[{\"type\":\"headline\",\"props\":{\"content\":\"Husk vinterservice\",\"text_align\":\"center\",\"title_element\":\"h1\"}},{\"type\":\"text\",\"props\":{\"column_breakpoint\":\"m\",\"content\":\"Vi har piggdekk p\\u00e5 lager\",\"margin\":\"default\",\"text_align\":\"center\",\"text_style\":\"large\"}},{\"type\":\"button\",\"props\":{\"fullwidth\":true,\"grid_column_gap\":\"small\",\"grid_row_gap\":\"small\",\"margin\":\"default\",\"text_align\":\"center\"},\"children\":[{\"type\":\"button_item\",\"props\":{\"button_style\":\"secondary\",\"content\":\"Bestill service n\\u00e5!\",\"dialog_layout\":\"modal\",\"dialog_offcanvas_flip\":true,\"icon\":\"cog\",\"icon_align\":\"left\",\"link\":\"?page_id=9\"}}]}]}]}]}]}]},{\"type\":\"row\",\"props\":{\"margin\":\"xlarge\"},\"children\":[{\"type\":\"column\",\"props\":{\"image_position\":\"center-center\",\"padding\":\"xsmall\",\"position_sticky_breakpoint\":\"m\"},\"children\":[{\"type\":\"headline\",\"props\":{\"content\":\"Tilbud\",\"text_align\":\"center\",\"title_element\":\"h2\",\"title_style\":\"h1\"},\"name\":\"Tilbuds header\"},{\"type\":\"panel-slider\",\"props\":{\"content_column_breakpoint\":\"m\",\"css\":\".uk-card-title {\\n \\tcolor: black !important;\\n}\",\"height_expand\":true,\"icon_width\":80,\"image_align\":\"top\",\"image_grid_breakpoint\":\"m\",\"image_grid_width\":\"1-2\",\"image_svg_color\":\"emphasis\",\"link_fullwidth\":true,\"link_style\":\"primary\",\"link_text\":\"Kontakt for intresse\",\"margin\":\"default\",\"meta_align\":\"below-title\",\"meta_element\":\"div\",\"meta_style\":\"text-meta\",\"nav\":\"dotnav\",\"nav_align\":\"center\",\"nav_breakpoint\":\"s\",\"panel_expand\":\"content\",\"panel_image_no_padding\":false,\"panel_match\":true,\"panel_padding\":\"default\",\"panel_style\":\"card-default\",\"show_content\":true,\"show_hover_image\":true,\"show_hover_video\":true,\"show_image\":true,\"show_link\":true,\"show_meta\":true,\"show_title\":true,\"show_video\":true,\"slidenav\":\"outside\",\"slidenav_breakpoint\":\"xl\",\"slidenav_margin\":\"medium\",\"slidenav_outside_breakpoint\":\"xl\",\"slider_autoplay\":true,\"slider_autoplay_pause\":false,\"slider_gap\":\"default\",\"slider_sets\":true,\"slider_width\":\"fixed\",\"slider_width_default\":\"1-1\",\"slider_width_medium\":\"1-4\",\"text_align\":\"center\",\"title_align\":\"top\",\"title_element\":\"h3\",\"title_grid_breakpoint\":\"m\",\"title_grid_width\":\"1-2\",\"title_hover_style\":\"reset\"},\"children\":[{\"type\":\"panel-slider_item\",\"props\":{\"content\":\"kr 16.990.-\",\"image\":\"wp-content\\\/uploads\\\/2025\\\/10\\\/Kona-Sutra-56-cm.png\",\"link\":\"?page_id=200\",\"title\":\"Kona Sutra 56 cm\"}},{\"type\":\"panel-slider_item\",\"props\":{\"content\":\"kr 12.990.-\",\"image\":\"wp-content\\\/uploads\\\/2025\\\/10\\\/Kona-Dr.-Dew-XL.png\",\"link\":\"?page_id=200\",\"title\":\"Kona Dr. Dew XL\"}},{\"type\":\"panel-slider_item\",\"props\":{\"content\":\"kr 49.990.-\",\"image\":\"wp-content\\\/uploads\\\/2025\\\/10\\\/Mondraker-SLY-R-large.png\",\"link\":\"?page_id=200\",\"title\":\"Mondraker SLY R large\"}},{\"type\":\"panel-slider_item\",\"props\":{\"content\":\"kr 11.990.-\",\"image\":\"wp-content\\\/uploads\\\/2025\\\/10\\\/Mondraker-Crono.png\",\"link\":\"?page_id=200\",\"title\":\"Mondraker Crono\"}}]}]}]},{\"type\":\"row\",\"children\":[{\"type\":\"column\",\"props\":{\"image_position\":\"center-center\",\"position_sticky_breakpoint\":\"m\"},\"children\":[{\"type\":\"headline\",\"props\":{\"content\":\"Velkommen til Wilmann sykkel\",\"text_align\":\"center\",\"title_element\":\"h2\"}},{\"type\":\"text\",\"props\":{\"column_breakpoint\":\"m\",\"content\":\"Wilmann Sykkel er ett sykkelverksted og sykkelbutikk som driver med alle typer sykler. Vi selger bare nye sykler, ikke brukte, men reparere alle typer sykler. Nye som gamle.\",\"margin\":\"default\",\"text_align\":\"center\",\"text_style\":\"large\"}},{\"type\":\"button\",\"props\":{\"button_size\":\"large\",\"grid_column_gap\":\"small\",\"grid_row_gap\":\"small\",\"margin\":\"default\",\"text_align\":\"center\"},\"children\":[{\"type\":\"button_item\",\"props\":{\"button_style\":\"primary\",\"content\":\"Kontakt\",\"dialog_layout\":\"modal\",\"dialog_offcanvas_flip\":true,\"icon\":\"mail\",\"icon_align\":\"left\",\"link\":\"?page_id=200\"}}]}]}]}],\"name\":\"Velkommen\"},{\"type\":\"section\",\"props\":{\"image_position\":\"center-center\",\"padding\":\"xlarge\",\"style\":\"muted\",\"title_breakpoint\":\"xl\",\"title_position\":\"top-left\",\"title_rotation\":\"left\",\"vertical_align\":\"middle\",\"width\":\"default\"},\"children\":[{\"type\":\"row\",\"props\":{\"margin\":\"xlarge\"},\"children\":[{\"type\":\"column\",\"props\":{\"image_position\":\"center-center\",\"position_sticky_breakpoint\":\"m\"},\"children\":[{\"type\":\"headline\",\"props\":{\"content\":\"V\\u00e5re tjenester\",\"text_align\":\"center\",\"title_element\":\"h1\"}}]}]},{\"type\":\"row\",\"props\":{\"layout\":\"1-2,1-2\",\"margin\":\"xlarge\"},\"children\":[{\"type\":\"column\",\"props\":{\"image_position\":\"center-center\",\"media_overlay\":\"rgba(255, 255, 255, 0.74)\",\"position_sticky_breakpoint\":\"m\",\"style\":\"card-primary\",\"width_medium\":\"1-2\"},\"children\":[{\"type\":\"headline\",\"props\":{\"content\":\"Verksted\",\"text_align\":\"center\",\"title_element\":\"h1\"}},{\"type\":\"image\",\"props\":{\"image\":\"wp-content\\\/uploads\\\/2025\\\/03\\\/bike_workshop.jpg\",\"image_border\":\"pill\",\"image_svg_color\":\"emphasis\",\"image_width\":250,\"margin\":\"default\",\"text_align\":\"center\"}},{\"type\":\"text\",\"props\":{\"column_breakpoint\":\"m\",\"content\":\"V\\u00e5rt verksted tilbyr grundig service og reparasjon for alle typer sykler. Enten det gjelder justering av gir, bytte av bremser eller en fullstendig overhaling, s\\u00f8rger v\\u00e5re erfarne mekanikere for at sykkelen din er i topp stand. Vi bruker kvalitetsdeler og presisjonsverkt\\u00f8y for \\u00e5 sikre best mulig ytelse og holdbarhet. Bestill time i dag og gi sykkelen din den pleien den fortjener!\",\"margin\":\"default\",\"text_align\":\"center\"}},{\"type\":\"button\",\"props\":{\"button_size\":\"large\",\"fullwidth\":true,\"grid_column_gap\":\"small\",\"grid_row_gap\":\"small\",\"margin\":\"default\"},\"children\":[{\"type\":\"button_item\",\"props\":{\"button_style\":\"primary\",\"content\":\"Verksted\",\"dialog_layout\":\"modal\",\"dialog_offcanvas_flip\":true,\"icon_align\":\"left\",\"link\":\"?page_id=9\"}}]}]},{\"type\":\"column\",\"props\":{\"image_position\":\"center-center\",\"position_sticky_breakpoint\":\"m\",\"style\":\"card-secondary\",\"width_medium\":\"1-2\"},\"children\":[{\"type\":\"headline\",\"props\":{\"content\":\"Ny sykkel\",\"text_align\":\"center\",\"title_element\":\"h1\"}},{\"type\":\"image\",\"props\":{\"image\":\"wp-content\\\/uploads\\\/2025\\\/03\\\/new_kona_bike.png\",\"image_border\":\"rounded\",\"image_svg_color\":\"emphasis\",\"image_width\":250,\"margin\":\"default\",\"text_align\":\"center\"}},{\"type\":\"text\",\"props\":{\"column_breakpoint\":\"m\",\"content\":\"Hos Wilmann Sykkel hjelper vi deg med \\u00e5 finne den ideelle sykkelen tilpasset dine behov, kj\\u00f8restil og kroppsm\\u00e5l. Vi samarbeider med anerkjente merker og bestiller sykkelen direkte fra leverand\\u00f8ren, slik at du f\\u00e5r en personlig tilpasset l\\u00f8sning. Vi justerer seteh\\u00f8yde, styreposisjon og gir deg r\\u00e5d om riktig modell \\u2013 enten du trenger en terrengsykkel, bysykkel eller elsykkel.\",\"margin\":\"default\",\"text_align\":\"center\"}},{\"type\":\"button\",\"props\":{\"button_size\":\"large\",\"fullwidth\":true,\"grid_column_gap\":\"small\",\"grid_row_gap\":\"small\",\"margin\":\"default\"},\"children\":[{\"type\":\"button_item\",\"props\":{\"button_style\":\"primary\",\"content\":\"Se utvalg\",\"dialog_layout\":\"modal\",\"dialog_offcanvas_flip\":true,\"icon_align\":\"left\",\"link\":\"?page_id=7\"}}]}]}]}],\"name\":\"Verksted \\\/ Ny sykkel\"},{\"type\":\"section\",\"props\":{\"image_position\":\"center-center\",\"padding\":\"xlarge\",\"style\":\"secondary\",\"title_breakpoint\":\"xl\",\"title_position\":\"top-left\",\"title_rotation\":\"left\",\"vertical_align\":\"middle\",\"width\":\"default\"},\"children\":[{\"type\":\"row\",\"props\":{\"margin\":\"xlarge\"},\"children\":[{\"type\":\"column\",\"props\":{\"image_position\":\"center-center\",\"position_sticky_breakpoint\":\"m\"},\"children\":[{\"type\":\"headline\",\"props\":{\"content\":\"Sykkelmerkene vi f\\u00f8rer\",\"text_align\":\"center\",\"title_element\":\"h1\"}}]}]},{\"type\":\"row\",\"children\":[{\"type\":\"column\",\"props\":{\"image_position\":\"center-center\",\"position_sticky_breakpoint\":\"m\"},\"children\":[{\"type\":\"panel-slider\",\"props\":{\"content_column_breakpoint\":\"m\",\"icon_width\":80,\"image_align\":\"top\",\"image_grid_breakpoint\":\"m\",\"image_grid_width\":\"1-2\",\"image_svg_color\":\"emphasis\",\"link_style\":\"default\",\"link_text\":\"Read more\",\"margin\":\"default\",\"meta_align\":\"below-title\",\"meta_element\":\"div\",\"meta_style\":\"text-meta\",\"nav\":\"dotnav\",\"nav_align\":\"center\",\"nav_breakpoint\":\"s\",\"panel_match\":true,\"show_content\":true,\"show_hover_image\":true,\"show_hover_video\":true,\"show_image\":true,\"show_link\":true,\"show_meta\":true,\"show_title\":false,\"show_video\":true,\"slidenav\":\"outside\",\"slidenav_breakpoint\":\"xl\",\"slidenav_margin\":\"medium\",\"slidenav_outside_breakpoint\":\"xl\",\"slider_autoplay\":true,\"slider_autoplay_interval\":\"5\",\"slider_autoplay_pause\":true,\"slider_center\":true,\"slider_gap\":\"default\",\"slider_sets\":true,\"slider_width\":\"fixed\",\"slider_width_default\":\"1-1\",\"slider_width_medium\":\"1-3\",\"title_align\":\"top\",\"title_element\":\"h3\",\"title_grid_breakpoint\":\"m\",\"title_grid_width\":\"1-2\",\"title_hover_style\":\"reset\"},\"children\":[{\"type\":\"panel-slider_item\",\"props\":{\"image\":\"wp-content\\\/uploads\\\/2025\\\/03\\\/frog-bikes-logo.png\",\"title\":\"frog bikes logo\"}},{\"type\":\"panel-slider_item\",\"props\":{\"image\":\"wp-content\\\/uploads\\\/2025\\\/03\\\/kona_logo.png\",\"title\":\"kona_logo\"}},{\"type\":\"panel-slider_item\",\"props\":{\"image\":\"wp-content\\\/uploads\\\/2025\\\/03\\\/pinarello_logo.png\",\"title\":\"pinarello_logo\"}},{\"type\":\"panel-slider_item\",\"props\":{\"image\":\"wp-content\\\/uploads\\\/2025\\\/04\\\/Mondraker-Logo.png\"}}]}]}],\"props\":{\"margin\":\"xlarge\"}}],\"name\":\"Merker\"}],\"version\":\"4.5.10\"} --><\/p>\n","protected":false},"excerpt":{"rendered":"<p>Din perfekte sykkel \u2013 Skreddersydd for deg Vi hjelper deg \u00e5 finne riktig sykkel fra anerkjente merker, tilpasset dine behov og \u00f8nsker. Husk vinterservice Vi har piggdekk p\u00e5 lager Bestill service n\u00e5! Tilbud Kona Sutra 56 cm kr 16.990.- Kontakt for intresse Kona Dr. Dew XL kr 12.990.- Kontakt for intresse Mondraker SLY R large [&hellip;]<\/p>\n","protected":false},"author":1,"featured_media":0,"parent":0,"menu_order":0,"comment_status":"closed","ping_status":"open","template":"","meta":{"footnotes":""},"class_list":["post-2","page","type-page","status-publish","hentry"],"_links":{"self":[{"href":"https:\/\/wilmannsykkel.no\/index.php?rest_route=\/wp\/v2\/pages\/2","targetHints":{"allow":["GET"]}}],"collection":[{"href":"https:\/\/wilmannsykkel.no\/index.php?rest_route=\/wp\/v2\/pages"}],"about":[{"href":"https:\/\/wilmannsykkel.no\/index.php?rest_route=\/wp\/v2\/types\/page"}],"author":[{"embeddable":true,"href":"https:\/\/wilmannsykkel.no\/index.php?rest_route=\/wp\/v2\/users\/1"}],"replies":[{"embeddable":true,"href":"https:\/\/wilmannsykkel.no\/index.php?rest_route=%2Fwp%2Fv2%2Fcomments&post=2"}],"version-history":[{"count":113,"href":"https:\/\/wilmannsykkel.no\/index.php?rest_route=\/wp\/v2\/pages\/2\/revisions"}],"predecessor-version":[{"id":339,"href":"https:\/\/wilmannsykkel.no\/index.php?rest_route=\/wp\/v2\/pages\/2\/revisions\/339"}],"wp:attachment":[{"href":"https:\/\/wilmannsykkel.no\/index.php?rest_route=%2Fwp%2Fv2%2Fmedia&parent=2"}],"curies":[{"name":"wp","href":"https:\/\/api.w.org\/{rel}","templated":true}]}}