{"id":200,"date":"2025-03-18T08:44:28","date_gmt":"2025-03-18T08:44:28","guid":{"rendered":"https:\/\/wilmannsykkel.no\/?page_id=200"},"modified":"2025-03-18T10:53:58","modified_gmt":"2025-03-18T10:53:58","slug":"kontakt","status":"publish","type":"page","link":"https:\/\/wilmannsykkel.no\/?page_id=200","title":{"rendered":"Kontakt"},"content":{"rendered":"<h1>Kontakt<\/h1>\n<ul>\n<li>\n<p>\n        <a href=\"tel:92086490\">Ring: 92086490<\/a>\n    <\/p>\n<\/li>\n<li>\n<p>\n        <a href=\"mailto:jostein@wilmannsykkel.com\">jostein@wilmannsykkel.com<\/a>\n    <\/p>\n<\/li>\n<\/ul>\n<p><p>\n        <a href=\"https:\/\/www.facebook.com\/Wilmannsykkel?locale=nb_NO\">F\u00f8lg meg p\u00e5 Facebook<\/a>\n    <\/p>\n<\/p>\n<div>\n<p>63.3460,10.0139<\/p>\n<h3>Stykkan, Lundande G\u00e5rd<\/h3>\n<p><a href=\"https:\/\/www.facebook.com\/Wilmannsykkel?locale=nb_NO\">Google Maps<\/a><\/p>\n<\/div>\n<p><!--more--><br \/>\n<!-- {\"type\":\"layout\",\"children\":[{\"type\":\"section\",\"props\":{\"image\":\"wp-content\\\/uploads\\\/2025\\\/03\\\/jostein_willmann_profil_01.jpg\",\"image_position\":\"center-center\",\"image_size\":\"cover\",\"media_overlay\":\"rgba(0, 0, 0, 0.34)\",\"padding\":\"xlarge\",\"style\":\"primary\",\"title_breakpoint\":\"xl\",\"title_position\":\"top-left\",\"title_rotation\":\"left\",\"vertical_align\":\"middle\",\"width\":\"default\"},\"children\":[{\"type\":\"row\",\"props\":{\"margin\":\"large\"},\"children\":[{\"type\":\"column\",\"props\":{\"image_position\":\"center-center\",\"position_sticky_breakpoint\":\"m\"},\"children\":[{\"type\":\"headline\",\"props\":{\"content\":\"Kontakt\",\"text_align\":\"center\",\"title_element\":\"h1\"}}]}]},{\"type\":\"row\",\"props\":{\"layout\":\"1-2,1-2\",\"margin\":\"large\"},\"children\":[{\"type\":\"column\",\"props\":{\"image_position\":\"center-center\",\"position_sticky_breakpoint\":\"m\",\"width_medium\":\"1-2\"}},{\"type\":\"column\",\"props\":{\"image_position\":\"center-center\",\"position_sticky_breakpoint\":\"m\",\"style\":\"card-default\",\"width_medium\":\"1-2\"},\"children\":[{\"type\":\"button\",\"props\":{\"fullwidth\":true,\"grid_column_gap\":\"small\",\"grid_row_gap\":\"small\",\"margin\":\"default\"},\"children\":[{\"type\":\"button_item\",\"props\":{\"button_style\":\"secondary\",\"content\":\"Ring: 92086490\",\"dialog_layout\":\"modal\",\"dialog_offcanvas_flip\":true,\"icon\":\"receiver\",\"icon_align\":\"left\",\"link\":\"tel:92086490\"}},{\"type\":\"button_item\",\"props\":{\"button_style\":\"secondary\",\"content\":\"jostein@wilmannsykkel.com\",\"dialog_layout\":\"modal\",\"dialog_offcanvas_flip\":true,\"icon\":\"mail\",\"icon_align\":\"left\",\"link\":\"mailto:jostein@wilmannsykkel.com\"}}]}]}]}]},{\"type\":\"section\",\"props\":{\"image_position\":\"center-center\",\"style\":\"primary\",\"title_breakpoint\":\"xl\",\"title_position\":\"top-left\",\"title_rotation\":\"left\",\"vertical_align\":\"middle\",\"width\":\"default\"},\"children\":[{\"type\":\"row\",\"children\":[{\"type\":\"column\",\"props\":{\"image_position\":\"center-center\",\"position_sticky_breakpoint\":\"m\"},\"children\":[{\"type\":\"button\",\"props\":{\"grid_column_gap\":\"small\",\"grid_row_gap\":\"small\",\"margin\":\"default\",\"text_align\":\"center\"},\"children\":[{\"type\":\"button_item\",\"props\":{\"button_style\":\"default\",\"content\":\"F\\u00f8lg meg p\\u00e5 Facebook\",\"dialog_layout\":\"modal\",\"dialog_offcanvas_flip\":true,\"icon\":\"facebook\",\"icon_align\":\"left\",\"link\":\"https:\\\/\\\/www.facebook.com\\\/Wilmannsykkel?locale=nb_NO\"}}]}]}]}],\"name\":\"Facebook\"},{\"type\":\"section\",\"props\":{\"image_position\":\"center-center\",\"style\":\"default\",\"title_breakpoint\":\"xl\",\"title_position\":\"top-left\",\"title_rotation\":\"left\",\"vertical_align\":\"middle\",\"width\":\"default\"},\"children\":[{\"type\":\"row\",\"children\":[{\"type\":\"column\",\"props\":{\"image_position\":\"center-center\",\"position_sticky_breakpoint\":\"m\"},\"children\":[{\"type\":\"map\",\"props\":{\"controls\":true,\"dragging\":false,\"image_svg_color\":\"emphasis\",\"link_style\":\"default\",\"link_text\":\"Read more\",\"margin\":\"default\",\"max_zoom\":18,\"meta_align\":\"below-title\",\"meta_element\":\"div\",\"meta_style\":\"text-meta\",\"min_zoom\":0,\"poi\":false,\"show_content\":true,\"show_image\":true,\"show_link\":true,\"show_meta\":true,\"show_title\":true,\"title_element\":\"h3\",\"title_hover_style\":\"reset\",\"type\":\"roadmap\",\"zoom\":10,\"zooming\":false},\"children\":[{\"type\":\"map_item\",\"props\":{\"link\":\"https:\\\/\\\/www.facebook.com\\\/Wilmannsykkel?locale=nb_NO\",\"link_text\":\"Google Maps\",\"location\":\"63.3460,10.0139\",\"title\":\"Stykkan, Lundande G\\u00e5rd\"}}]}]}]}],\"name\":\"Kart\"}],\"version\":\"4.5.10\"} --><\/p>\n","protected":false},"excerpt":{"rendered":"<p>Kontakt Ring: 92086490 jostein@wilmannsykkel.com F\u00f8lg meg p\u00e5 Facebook 63.3460,10.0139 Stykkan, Lundande G\u00e5rd Google Maps<\/p>\n","protected":false},"author":1,"featured_media":0,"parent":0,"menu_order":0,"comment_status":"closed","ping_status":"closed","template":"","meta":{"footnotes":""},"class_list":["post-200","page","type-page","status-publish","hentry"],"_links":{"self":[{"href":"https:\/\/wilmannsykkel.no\/index.php?rest_route=\/wp\/v2\/pages\/200","targetHints":{"allow":["GET"]}}],"collection":[{"href":"https:\/\/wilmannsykkel.no\/index.php?rest_route=\/wp\/v2\/pages"}],"about":[{"href":"https:\/\/wilmannsykkel.no\/index.php?rest_route=\/wp\/v2\/types\/page"}],"author":[{"embeddable":true,"href":"https:\/\/wilmannsykkel.no\/index.php?rest_route=\/wp\/v2\/users\/1"}],"replies":[{"embeddable":true,"href":"https:\/\/wilmannsykkel.no\/index.php?rest_route=%2Fwp%2Fv2%2Fcomments&post=200"}],"version-history":[{"count":23,"href":"https:\/\/wilmannsykkel.no\/index.php?rest_route=\/wp\/v2\/pages\/200\/revisions"}],"predecessor-version":[{"id":301,"href":"https:\/\/wilmannsykkel.no\/index.php?rest_route=\/wp\/v2\/pages\/200\/revisions\/301"}],"wp:attachment":[{"href":"https:\/\/wilmannsykkel.no\/index.php?rest_route=%2Fwp%2Fv2%2Fmedia&parent=200"}],"curies":[{"name":"wp","href":"https:\/\/api.w.org\/{rel}","templated":true}]}}