{"id":9,"date":"2025-03-17T13:05:38","date_gmt":"2025-03-17T13:05:38","guid":{"rendered":"https:\/\/wilmannsykkel.no\/?page_id=9"},"modified":"2025-03-18T08:49:34","modified_gmt":"2025-03-18T08:49:34","slug":"verksted","status":"publish","type":"page","link":"https:\/\/wilmannsykkel.no\/?page_id=9","title":{"rendered":"Verksted"},"content":{"rendered":"<h1>Verksted \u2013 Profesjonell sykkelservice<\/h1>\n<div>\n<p>Vi tar vare p\u00e5 sykkelen din med lidenskap, erfaring og skreddersydde l\u00f8sninger.<\/p>\n<\/div>\n<p><p>\n        <a href=\"\/?page_id=200\">F\u00e5 service n\u00e5!<\/a>\n    <\/p>\n<\/p>\n<div>\n<p>Med mange \u00e5rs erfaring og en stor kj\u00e6rlighet for sykler, er mitt verksted stedet der kvalitet og service g\u00e5r h\u00e5nd i h\u00e5nd. Jeg tilbyr alt fra rutinemessig vedlikehold til omfattende reparasjoner, slik at du kan f\u00f8le deg trygg hver gang du setter deg p\u00e5 sykkelen.<\/p>\n<\/div>\n<h1>Tjenester<\/h1>\n<ul>\n<li>\n<h3>Sesongtilpassede servicer<\/h3>\n<div>\n<p>Tilbyr servicepakker som tilpasses etter \u00e5rstidene, slik at sykkelen er klar for vinterens utfordringer eller sommertidens lengre turer.<\/p>\n<\/div>\n<p><a href=\"\/?page_id=200\">Kontakt<\/a><\/p>\n<\/li>\n<li>\n<h3>Kalibrering<\/h3>\n<div>\n<p>Presis justering av gir, bremser og andre mekanismer for optimal ytelse og sikkerhet.<\/p>\n<\/div>\n<p><a href=\"\/?page_id=200\">Kontakt<\/a><\/p>\n<\/li>\n<li>\n<h3>Batteriskifte<\/h3>\n<div>\n<p>Rask og p\u00e5litelig utskifting av batterier p\u00e5 el-sykler, med kontroll av batterikapasitet og ytelse.<\/p>\n<\/div>\n<p><a href=\"\/?page_id=200\">Kontakt<\/a><\/p>\n<\/li>\n<li>\n<h3>Personlig justering\/tilpasning<\/h3>\n<div>\n<p>Skreddersydd tilpasning av sykkelen etter kroppens m\u00e5l og behov, slik at hver rytter f\u00e5r en ergonomisk og komfortabel l\u00f8sning.<\/p>\n<\/div>\n<p><a href=\"\/?page_id=200\">Kontakt<\/a><\/p>\n<\/li>\n<li>\n<h3>Reparasjon av kjede og diverse<\/h3>\n<div>\n<p>Effektiv reparasjon av slitte eller skadede kjeder samt andre diverse reparasjoner, slik at sykkelen alltid er klar for nye eventyr.<\/p>\n<\/div>\n<p><a href=\"\/?page_id=200\">Kontakt<\/a><\/p>\n<\/li>\n<\/ul>\n<ul>\n<li>\n<h3>Ketil<\/h3>\n<p>5 stjerner<\/p>\n<div>\n<p><span class=\"x193iq5w xeuugli x13faqbe x1vvkbs x1xmvt09 x1lliihq x1s928wv xhkezso x1gmr53x x1cpjm7i x1fgarty x1943h6x xudqn12 x3x7a5m x6prxxf xvq8zen xo1l8bm xzsf02u x1yc453h\" dir=\"auto\">Topp service, bra priser og en god samtale med p\u00e5 kj\u00f8pet &#8211; fantastisk \u00e5 ha et s\u00e5nt tilbud i n\u00e6romr\u00e5det!<\/span><\/p>\n<\/div>\n<\/li>\n<li>\n<h3>Sven-Ove<\/h3>\n<p>5 stjerner<\/p>\n<div>\n<p><span class=\"x193iq5w xeuugli x13faqbe x1vvkbs x1xmvt09 x1lliihq x1s928wv xhkezso x1gmr53x x1cpjm7i x1fgarty x1943h6x xudqn12 x3x7a5m x6prxxf xvq8zen xo1l8bm xzsf02u x1yc453h\" dir=\"auto\">Sendte e-post l\u00f8rdag og spurte om de hadde en del p\u00e5 lager, fikk svar p\u00e5 s\u00f8ndag. Hadde ikke f\u00e5tt med meg at de hadde flyttet fra Trondheim, men da kom de p\u00e5 d\u00f8ra og leverte delen til meg p\u00e5 mandag! Kjempeservice!<\/span><\/p>\n<\/div>\n<\/li>\n<li>\n<h3>Stein<\/h3>\n<p>5 stjerner<\/p>\n<div>\n<p><span class=\"html-span xdj266r x11i5rnm xat24cr x1mh8g0r xexx8yu x4uap5 x18d9i69 xkhd6sd x1hl2dhg x16tdsg8 x1vvkbs xzsf02u xngnso2 xo1l8bm x1qb5hxa\">Super service<\/span><\/p>\n<\/div>\n<\/li>\n<\/ul>\n<p><p>\n        <a href=\"https:\/\/www.facebook.com\/Wilmannsykkel\/reviews?locale=nb_NO\">Se alle omtaler<\/a>\n    <\/p>\n<\/p>\n<h1>Ofte Stilte Sp\u00f8rsm\u00e5l<\/h1>\n<p><img decoding=\"async\" src=\"\/wp-content\/uploads\/2025\/03\/bike_workshop.jpg\" alt=\"\"><\/p>\n<ul>\n<li>\n<h3>Hvordan tilpasses servicen etter sesong?<\/h3>\n<div>\n<p data-start=\"155\" data-end=\"334\">Vi vet at ulike \u00e5rstider stiller forskjellige krav til sykkelen. Derfor tilpasser vi servicepakken for \u00e5 m\u00f8te de spesifikke utfordringene som vinteren og sommeren bringer med seg:<\/p>\n<ul data-start=\"336\" data-end=\"1516\">\n<li data-start=\"336\" data-end=\"962\">\n<p data-start=\"338\" data-end=\"358\"><strong data-start=\"338\" data-end=\"356\">Vinterservice:<\/strong><\/p>\n<ul data-start=\"361\" data-end=\"962\">\n<li data-start=\"361\" data-end=\"571\"><strong data-start=\"363\" data-end=\"397\">Rengj\u00f8ring og rustbeskyttelse:<\/strong> Vi rengj\u00f8r sykkelen grundig for \u00e5 fjerne salt og skitt som kan f\u00f8re til rust. Etterp\u00e5 p\u00e5f\u00f8rer vi rustbeskyttende behandling slik at sykkelen t\u00e5ler vinterens t\u00f8ffe forhold.<\/li>\n<li data-start=\"574\" data-end=\"779\"><strong data-start=\"576\" data-end=\"619\">Sm\u00f8ring med vintertilpassede produkter:<\/strong> Vi benytter sm\u00f8remidler som er formulert for \u00e5 fungere optimalt i kaldt v\u00e6r, og s\u00f8rger for at alle bevegelige deler er godt beskyttet mot kuldens p\u00e5virkning.<\/li>\n<li data-start=\"782\" data-end=\"962\"><strong data-start=\"784\" data-end=\"801\">Batterisjekk:<\/strong> For el-sykler kontrollerer vi batteriets kapasitet og ytelse, og bytter det ut om n\u00f8dvendig for \u00e5 sikre at sykkelen yter som den skal selv i kalde temperaturer.<\/li>\n<\/ul>\n<\/li>\n<li data-start=\"964\" data-end=\"1516\">\n<p data-start=\"966\" data-end=\"986\"><strong data-start=\"966\" data-end=\"984\">Sommerservice:<\/strong><\/p>\n<ul data-start=\"989\" data-end=\"1516\">\n<li data-start=\"989\" data-end=\"1135\"><strong data-start=\"991\" data-end=\"1026\">Optimal ytelse for lange turer:<\/strong> Vi sjekker og justerer gir- og bremsesystemene for \u00e5 sikre presisjon og effektivitet under langvarig bruk.<\/li>\n<li data-start=\"1138\" data-end=\"1315\"><strong data-start=\"1140\" data-end=\"1162\">Dekk og lufttrykk:<\/strong> Med lengre og ofte mer krevende turer om sommeren, kontrollerer vi dekkens tilstand og s\u00f8rger for korrekt lufttrykk for best mulig veigrep og komfort.<\/li>\n<li data-start=\"1318\" data-end=\"1516\"><strong data-start=\"1320\" data-end=\"1345\">Generell vedlikehold:<\/strong> Vi gjennomf\u00f8rer en fullstendig gjennomgang av alle mekaniske og elektroniske komponenter for \u00e5 sikre at sykkelen yter optimalt under varmere forhold og h\u00f8yere belastning.<\/li>\n<\/ul>\n<\/li>\n<\/ul>\n<p data-start=\"1518\" data-end=\"1734\">Med denne sesongtilpassede tiln\u00e6rmingen s\u00f8rger vi for at sykkelen din alltid er klar for de unike utfordringene som hver \u00e5rstid byr p\u00e5, og at du kan nyte en trygg, komfortabel og effektiv sykkelopplevelse \u00e5ret rundt.<\/p>\n<\/div>\n<\/li>\n<li>\n<h3>Hva inneb\u00e6rer personlig tilpasning av sykkelen?<\/h3>\n<div>\n<p>Vi justerer sykkelen etter dine m\u00e5l og behov. Dette inkluderer blant annet tilpasning av seteh\u00f8yde, styrets posisjon og andre ergonomiske innstillinger for \u00e5 gi deg en komfortabel og sikker sykkelopplevelse.<\/p>\n<\/div>\n<\/li>\n<li>\n<h3>Hvordan gjennomf\u00f8res kalibreringen av sykkelen?<\/h3>\n<div>\n<p>V\u00e5re erfarne mekanikere foretar en n\u00f8yaktig kontroll og justering av gir- og bremsesystemene. M\u00e5let er \u00e5 sikre at alle mekaniske komponenter fungerer optimalt, slik at du f\u00e5r en sikker og effektiv sykkelopplevelse.<\/p>\n<\/div>\n<\/li>\n<li>\n<h3>Hvilke reparasjonstjenester tilbyr dere?<\/h3>\n<div>\n<p>Vi tilbyr reparasjoner for en rekke sykkelkomponenter. Dette inkluderer blant annet reparasjon av kjede, utskifting av slitte deler og diverse andre justeringer for \u00e5 holde sykkelen i topp stand.<\/p>\n<\/div>\n<\/li>\n<\/ul>\n<p><!--more--><br \/>\n<!-- {\"type\":\"layout\",\"children\":[{\"type\":\"section\",\"props\":{\"image\":\"wp-content\\\/uploads\\\/2025\\\/03\\\/sykkelverksted.jpg\",\"image_position\":\"center-center\",\"image_size\":\"cover\",\"media_overlay\":\"rgba(0, 0, 0, 0.27)\",\"padding\":\"xlarge\",\"style\":\"primary\",\"title_breakpoint\":\"xl\",\"title_position\":\"top-left\",\"title_rotation\":\"left\",\"vertical_align\":\"middle\",\"width\":\"default\"},\"children\":[{\"type\":\"row\",\"children\":[{\"type\":\"column\",\"props\":{\"image_position\":\"center-center\",\"position_sticky_breakpoint\":\"m\"},\"children\":[{\"type\":\"headline\",\"props\":{\"content\":\"Verksted \\u2013 Profesjonell sykkelservice\",\"text_align\":\"center\",\"title_element\":\"h1\"}},{\"type\":\"text\",\"props\":{\"column_breakpoint\":\"m\",\"content\":\"\n\n<p>Vi tar vare p\\u00e5 sykkelen din med lidenskap, erfaring og skreddersydde l\\u00f8sninger.<\\\/p>\",\"margin\":\"default\",\"text_align\":\"center\",\"text_style\":\"large\"}},{\"type\":\"button\",\"props\":{\"button_size\":\"large\",\"grid_column_gap\":\"small\",\"grid_row_gap\":\"small\",\"margin\":\"default\",\"text_align\":\"center\"},\"children\":[{\"type\":\"button_item\",\"props\":{\"button_style\":\"primary\",\"content\":\"F\\u00e5 service n\\u00e5!\",\"dialog_layout\":\"modal\",\"dialog_offcanvas_flip\":true,\"icon\":\"mail\",\"icon_align\":\"left\",\"link\":\"?page_id=200\"}}]}]}],\"props\":{\"margin\":\"xlarge\"}}],\"name\":\"Hero\"},{\"type\":\"section\",\"props\":{\"image_position\":\"center-center\",\"style\":\"primary\",\"title_breakpoint\":\"xl\",\"title_position\":\"top-left\",\"title_rotation\":\"left\",\"vertical_align\":\"middle\",\"width\":\"default\"},\"children\":[{\"type\":\"row\",\"children\":[{\"type\":\"column\",\"props\":{\"image_position\":\"center-center\",\"position_sticky_breakpoint\":\"m\"},\"children\":[{\"type\":\"fragment\",\"props\":{\"margin\":\"default\"},\"children\":[{\"type\":\"row\",\"props\":{\"layout\":\"1-6,5-6|1-5,4-5\"},\"children\":[{\"type\":\"column\",\"props\":{\"image_position\":\"center-center\",\"position_sticky_breakpoint\":\"m\",\"vertical_align\":\"middle\",\"width_medium\":\"1-6\",\"width_small\":\"1-5\"},\"children\":[{\"type\":\"icon\",\"props\":{\"icon_width\":60,\"margin\":\"default\",\"text_align\":\"center\"}}]},{\"type\":\"column\",\"props\":{\"image_position\":\"center-center\",\"position_sticky_breakpoint\":\"m\",\"width_medium\":\"5-6\",\"width_small\":\"4-5\"},\"children\":[{\"type\":\"text\",\"props\":{\"column_breakpoint\":\"m\",\"content\":\"\n\n<p>Med mange \\u00e5rs erfaring og en stor kj\\u00e6rlighet for sykler, er mitt verksted stedet der kvalitet og service g\\u00e5r h\\u00e5nd i h\\u00e5nd. Jeg tilbyr alt fra rutinemessig vedlikehold til omfattende reparasjoner, slik at du kan f\\u00f8le deg trygg hver gang du setter deg p\\u00e5 sykkelen.<\\\/p>\",\"margin\":\"default\",\"text_style\":\"large\"}}]}]}]}]}]}]},{\"type\":\"section\",\"props\":{\"image_position\":\"center-center\",\"padding\":\"xlarge\",\"style\":\"default\",\"title_breakpoint\":\"xl\",\"title_position\":\"top-left\",\"title_rotation\":\"left\",\"vertical_align\":\"middle\",\"width\":\"default\"},\"children\":[{\"type\":\"row\",\"props\":{\"margin\":\"large\"},\"children\":[{\"type\":\"column\",\"props\":{\"image_position\":\"center-center\",\"position_sticky_breakpoint\":\"m\"},\"children\":[{\"type\":\"headline\",\"props\":{\"content\":\"Tjenester\",\"text_align\":\"center\",\"title_element\":\"h1\"}}]}]},{\"type\":\"row\",\"props\":{\"margin\":\"large\"},\"children\":[{\"type\":\"column\",\"props\":{\"image_position\":\"center-center\",\"position_sticky_breakpoint\":\"m\"},\"children\":[{\"type\":\"grid\",\"props\":{\"content_column_breakpoint\":\"m\",\"filter_align\":\"left\",\"filter_all\":true,\"filter_grid_breakpoint\":\"m\",\"filter_grid_width\":\"auto\",\"filter_position\":\"top\",\"filter_style\":\"tab\",\"grid_column_align\":true,\"grid_default\":\"1\",\"grid_divider\":false,\"grid_medium\":\"3\",\"grid_row_align\":false,\"icon_width\":80,\"image_align\":\"top\",\"image_grid_breakpoint\":\"m\",\"image_grid_width\":\"1-2\",\"image_svg_color\":\"emphasis\",\"item_animation\":true,\"lightbox_bg_close\":true,\"link_aria_label\":\"Kontaktinformasjon\",\"link_fullwidth\":true,\"link_style\":\"default\",\"link_text\":\"Kontakt\",\"margin\":\"default\",\"meta_align\":\"below-title\",\"meta_element\":\"div\",\"meta_style\":\"text-meta\",\"panel_expand\":\"content\",\"panel_padding\":\"small\",\"panel_style\":\"card-default\",\"show_content\":true,\"show_hover_image\":true,\"show_hover_video\":true,\"show_image\":true,\"show_link\":true,\"show_meta\":true,\"show_title\":true,\"show_video\":true,\"title_align\":\"top\",\"title_element\":\"h3\",\"title_grid_breakpoint\":\"m\",\"title_grid_width\":\"1-2\",\"title_hover_style\":\"reset\"},\"children\":[{\"type\":\"grid_item\",\"props\":{\"content\":\"\n\n<p>Tilbyr servicepakker som tilpasses etter \\u00e5rstidene, slik at sykkelen er klar for vinterens utfordringer eller sommertidens lengre turer.<\\\/p>\",\"icon\":\"\",\"link\":\"?page_id=200\",\"title\":\"Sesongtilpassede servicer\"}},{\"type\":\"grid_item\",\"props\":{\"content\":\"\n\n<p>Presis justering av gir, bremser og andre mekanismer for optimal ytelse og sikkerhet.<\\\/p>\",\"link\":\"?page_id=200\",\"title\":\"Kalibrering\"}},{\"type\":\"grid_item\",\"props\":{\"content\":\"\n\n<p>Rask og p\\u00e5litelig utskifting av batterier p\\u00e5 el-sykler, med kontroll av batterikapasitet og ytelse.<\\\/p>\",\"link\":\"?page_id=200\",\"title\":\"Batteriskifte\"}},{\"type\":\"grid_item\",\"props\":{\"content\":\"\n\n<p>Skreddersydd tilpasning av sykkelen etter kroppens m\\u00e5l og behov, slik at hver rytter f\\u00e5r en ergonomisk og komfortabel l\\u00f8sning.<\\\/p>\",\"link\":\"?page_id=200\",\"title\":\"Personlig justering\\\/tilpasning\"}},{\"type\":\"grid_item\",\"props\":{\"content\":\"\n\n<p>Effektiv reparasjon av slitte eller skadede kjeder samt andre diverse reparasjoner, slik at sykkelen alltid er klar for nye eventyr.<\\\/p>\",\"link\":\"?page_id=200\",\"title\":\"Reparasjon av kjede og diverse\"}}]}]}]}],\"name\":\"Tjenester\"},{\"type\":\"section\",\"props\":{\"image_position\":\"center-center\",\"style\":\"primary\",\"title_breakpoint\":\"xl\",\"title_position\":\"top-left\",\"title_rotation\":\"left\",\"vertical_align\":\"middle\",\"width\":\"default\"},\"children\":[{\"type\":\"row\",\"children\":[{\"type\":\"column\",\"props\":{\"image_position\":\"center-center\",\"position_sticky_breakpoint\":\"m\"},\"children\":[{\"type\":\"grid\",\"props\":{\"content_column_breakpoint\":\"m\",\"filter_align\":\"left\",\"filter_all\":true,\"filter_grid_breakpoint\":\"m\",\"filter_grid_width\":\"auto\",\"filter_position\":\"top\",\"filter_style\":\"tab\",\"grid_column_align\":true,\"grid_default\":\"1\",\"grid_divider\":true,\"grid_medium\":\"3\",\"icon_width\":80,\"image_align\":\"top\",\"image_grid_breakpoint\":\"m\",\"image_grid_width\":\"1-2\",\"image_svg_color\":\"emphasis\",\"item_animation\":true,\"lightbox_bg_close\":true,\"link_style\":\"default\",\"link_text\":\"Read more\",\"margin\":\"default\",\"meta_align\":\"below-title\",\"meta_element\":\"div\",\"meta_style\":\"text-meta\",\"show_content\":true,\"show_hover_image\":true,\"show_hover_video\":true,\"show_image\":true,\"show_link\":true,\"show_meta\":true,\"show_title\":true,\"show_video\":true,\"title_align\":\"top\",\"title_element\":\"h3\",\"title_grid_breakpoint\":\"m\",\"title_grid_width\":\"1-2\",\"title_hover_style\":\"reset\"},\"children\":[{\"type\":\"grid_item\",\"props\":{\"content\":\"\n\n<p><span class=\\\"x193iq5w xeuugli x13faqbe x1vvkbs x1xmvt09 x1lliihq x1s928wv xhkezso x1gmr53x x1cpjm7i x1fgarty x1943h6x xudqn12 x3x7a5m x6prxxf xvq8zen xo1l8bm xzsf02u x1yc453h\\\" dir=\\\"auto\\\">Topp service, bra priser og en god samtale med p\\u00e5 kj\\u00f8pet - fantastisk \\u00e5 ha et s\\u00e5nt tilbud i n\\u00e6romr\\u00e5det!<\\\/span><\\\/p>\",\"meta\":\"5 stjerner\",\"title\":\"Ketil\"}},{\"type\":\"grid_item\",\"props\":{\"content\":\"\n\n<p><span class=\\\"x193iq5w xeuugli x13faqbe x1vvkbs x1xmvt09 x1lliihq x1s928wv xhkezso x1gmr53x x1cpjm7i x1fgarty x1943h6x xudqn12 x3x7a5m x6prxxf xvq8zen xo1l8bm xzsf02u x1yc453h\\\" dir=\\\"auto\\\">Sendte e-post l\\u00f8rdag og spurte om de hadde en del p\\u00e5 lager, fikk svar p\\u00e5 s\\u00f8ndag. Hadde ikke f\\u00e5tt med meg at de hadde flyttet fra Trondheim, men da kom de p\\u00e5 d\\u00f8ra og leverte delen til meg p\\u00e5 mandag! Kjempeservice!<\\\/span><\\\/p>\",\"meta\":\"5 stjerner\",\"title\":\"Sven-Ove\"}},{\"type\":\"grid_item\",\"props\":{\"content\":\"\n\n<p><span class=\\\"html-span xdj266r x11i5rnm xat24cr x1mh8g0r xexx8yu x4uap5 x18d9i69 xkhd6sd x1hl2dhg x16tdsg8 x1vvkbs xzsf02u xngnso2 xo1l8bm x1qb5hxa\\\">Super service<\\\/span><\\\/p>\",\"meta\":\"5 stjerner\",\"title\":\"Stein\"}}]},{\"type\":\"button\",\"props\":{\"grid_column_gap\":\"small\",\"grid_row_gap\":\"small\",\"margin\":\"default\",\"text_align\":\"center\"},\"children\":[{\"type\":\"button_item\",\"props\":{\"button_style\":\"default\",\"content\":\"Se alle omtaler\",\"dialog_layout\":\"modal\",\"dialog_offcanvas_flip\":true,\"icon\":\"facebook\",\"icon_align\":\"left\",\"link\":\"https:\\\/\\\/www.facebook.com\\\/Wilmannsykkel\\\/reviews?locale=nb_NO\"}}]}]}]}],\"name\":\"Kundeomtale\"},{\"type\":\"section\",\"props\":{\"image_position\":\"center-center\",\"padding\":\"xlarge\",\"style\":\"default\",\"title_breakpoint\":\"xl\",\"title_position\":\"top-left\",\"title_rotation\":\"left\",\"vertical_align\":\"middle\",\"width\":\"default\"},\"children\":[{\"type\":\"row\",\"props\":{\"margin\":\"large\"},\"children\":[{\"type\":\"column\",\"props\":{\"image_position\":\"center-center\",\"position_sticky_breakpoint\":\"m\"},\"children\":[{\"type\":\"headline\",\"props\":{\"content\":\"Ofte Stilte Sp\\u00f8rsm\\u00e5l\",\"text_align\":\"center\",\"title_element\":\"h1\"}}]}]},{\"type\":\"row\",\"props\":{\"layout\":\"1-2,1-2\",\"margin\":\"large\"},\"children\":[{\"type\":\"column\",\"props\":{\"image_position\":\"center-center\",\"position_sticky_breakpoint\":\"m\",\"width_medium\":\"1-2\"},\"children\":[{\"type\":\"image\",\"props\":{\"image\":\"wp-content\\\/uploads\\\/2025\\\/03\\\/bike_workshop.jpg\",\"image_border\":\"rounded\",\"image_box_decoration\":\"default\",\"image_box_shadow\":\"small\",\"image_svg_color\":\"emphasis\",\"margin\":\"default\",\"text_align\":\"center\"}}]},{\"type\":\"column\",\"props\":{\"image_position\":\"center-center\",\"position_sticky_breakpoint\":\"m\",\"width_medium\":\"1-2\"},\"children\":[{\"type\":\"accordion\",\"props\":{\"collapsible\":true,\"content_column_breakpoint\":\"m\",\"image_align\":\"top\",\"image_grid_breakpoint\":\"m\",\"image_grid_width\":\"1-2\",\"image_svg_color\":\"emphasis\",\"link_style\":\"default\",\"link_text\":\"Read more\",\"show_image\":true,\"show_link\":true},\"children\":[{\"type\":\"accordion_item\",\"props\":{\"content\":\"\n\n<p data-start=\\\"155\\\" data-end=\\\"334\\\">Vi vet at ulike \\u00e5rstider stiller forskjellige krav til sykkelen. Derfor tilpasser vi servicepakken for \\u00e5 m\\u00f8te de spesifikke utfordringene som vinteren og sommeren bringer med seg:<\\\/p>\\n\n\n<ul data-start=\\\"336\\\" data-end=\\\"1516\\\">\\n\n\n<li data-start=\\\"336\\\" data-end=\\\"962\\\">\\n\n\n<p data-start=\\\"338\\\" data-end=\\\"358\\\"><strong data-start=\\\"338\\\" data-end=\\\"356\\\">Vinterservice:<\\\/strong><\\\/p>\\n\n\n<ul data-start=\\\"361\\\" data-end=\\\"962\\\">\\n\n\n<li data-start=\\\"361\\\" data-end=\\\"571\\\"><strong data-start=\\\"363\\\" data-end=\\\"397\\\">Rengj\\u00f8ring og rustbeskyttelse:<\\\/strong> Vi rengj\\u00f8r sykkelen grundig for \\u00e5 fjerne salt og skitt som kan f\\u00f8re til rust. Etterp\\u00e5 p\\u00e5f\\u00f8rer vi rustbeskyttende behandling slik at sykkelen t\\u00e5ler vinterens t\\u00f8ffe forhold.<\\\/li>\\n\n\n<li data-start=\\\"574\\\" data-end=\\\"779\\\"><strong data-start=\\\"576\\\" data-end=\\\"619\\\">Sm\\u00f8ring med vintertilpassede produkter:<\\\/strong> Vi benytter sm\\u00f8remidler som er formulert for \\u00e5 fungere optimalt i kaldt v\\u00e6r, og s\\u00f8rger for at alle bevegelige deler er godt beskyttet mot kuldens p\\u00e5virkning.<\\\/li>\\n\n\n<li data-start=\\\"782\\\" data-end=\\\"962\\\"><strong data-start=\\\"784\\\" data-end=\\\"801\\\">Batterisjekk:<\\\/strong> For el-sykler kontrollerer vi batteriets kapasitet og ytelse, og bytter det ut om n\\u00f8dvendig for \\u00e5 sikre at sykkelen yter som den skal selv i kalde temperaturer.<\\\/li>\\n<\\\/ul>\\n<\\\/li>\\n\n\n<li data-start=\\\"964\\\" data-end=\\\"1516\\\">\\n\n\n<p data-start=\\\"966\\\" data-end=\\\"986\\\"><strong data-start=\\\"966\\\" data-end=\\\"984\\\">Sommerservice:<\\\/strong><\\\/p>\\n\n\n<ul data-start=\\\"989\\\" data-end=\\\"1516\\\">\\n\n\n<li data-start=\\\"989\\\" data-end=\\\"1135\\\"><strong data-start=\\\"991\\\" data-end=\\\"1026\\\">Optimal ytelse for lange turer:<\\\/strong> Vi sjekker og justerer gir- og bremsesystemene for \\u00e5 sikre presisjon og effektivitet under langvarig bruk.<\\\/li>\\n\n\n<li data-start=\\\"1138\\\" data-end=\\\"1315\\\"><strong data-start=\\\"1140\\\" data-end=\\\"1162\\\">Dekk og lufttrykk:<\\\/strong> Med lengre og ofte mer krevende turer om sommeren, kontrollerer vi dekkens tilstand og s\\u00f8rger for korrekt lufttrykk for best mulig veigrep og komfort.<\\\/li>\\n\n\n<li data-start=\\\"1318\\\" data-end=\\\"1516\\\"><strong data-start=\\\"1320\\\" data-end=\\\"1345\\\">Generell vedlikehold:<\\\/strong> Vi gjennomf\\u00f8rer en fullstendig gjennomgang av alle mekaniske og elektroniske komponenter for \\u00e5 sikre at sykkelen yter optimalt under varmere forhold og h\\u00f8yere belastning.<\\\/li>\\n<\\\/ul>\\n<\\\/li>\\n<\\\/ul>\\n\n\n<p data-start=\\\"1518\\\" data-end=\\\"1734\\\">Med denne sesongtilpassede tiln\\u00e6rmingen s\\u00f8rger vi for at sykkelen din alltid er klar for de unike utfordringene som hver \\u00e5rstid byr p\\u00e5, og at du kan nyte en trygg, komfortabel og effektiv sykkelopplevelse \\u00e5ret rundt.<\\\/p>\",\"title\":\"Hvordan tilpasses servicen etter sesong?\"}},{\"type\":\"accordion_item\",\"props\":{\"content\":\"\n\n<p>Vi justerer sykkelen etter dine m\\u00e5l og behov. Dette inkluderer blant annet tilpasning av seteh\\u00f8yde, styrets posisjon og andre ergonomiske innstillinger for \\u00e5 gi deg en komfortabel og sikker sykkelopplevelse.<\\\/p>\",\"title\":\"Hva inneb\\u00e6rer personlig tilpasning av sykkelen?\"}},{\"type\":\"accordion_item\",\"props\":{\"content\":\"\n\n<p>V\\u00e5re erfarne mekanikere foretar en n\\u00f8yaktig kontroll og justering av gir- og bremsesystemene. M\\u00e5let er \\u00e5 sikre at alle mekaniske komponenter fungerer optimalt, slik at du f\\u00e5r en sikker og effektiv sykkelopplevelse.<\\\/p>\",\"title\":\"Hvordan gjennomf\\u00f8res kalibreringen av sykkelen?\"}},{\"type\":\"accordion_item\",\"props\":{\"content\":\"\n\n<p>Vi tilbyr reparasjoner for en rekke sykkelkomponenter. Dette inkluderer blant annet reparasjon av kjede, utskifting av slitte deler og diverse andre justeringer for \\u00e5 holde sykkelen i topp stand.<\\\/p>\",\"title\":\"Hvilke reparasjonstjenester tilbyr dere?\"}}]}]}]}],\"name\":\"Q&A\"}],\"version\":\"4.5.10\"} --><\/p>\n","protected":false},"excerpt":{"rendered":"<p>Verksted \u2013 Profesjonell sykkelservice Vi tar vare p\u00e5 sykkelen din med lidenskap, erfaring og skreddersydde l\u00f8sninger. F\u00e5 service n\u00e5! Med mange \u00e5rs erfaring og en stor kj\u00e6rlighet for sykler, er mitt verksted stedet der kvalitet og service g\u00e5r h\u00e5nd i h\u00e5nd. Jeg tilbyr alt fra rutinemessig vedlikehold til omfattende reparasjoner, slik at du kan f\u00f8le [&hellip;]<\/p>\n","protected":false},"author":1,"featured_media":0,"parent":0,"menu_order":0,"comment_status":"closed","ping_status":"closed","template":"","meta":{"footnotes":""},"class_list":["post-9","page","type-page","status-publish","hentry"],"_links":{"self":[{"href":"https:\/\/wilmannsykkel.no\/index.php?rest_route=\/wp\/v2\/pages\/9","targetHints":{"allow":["GET"]}}],"collection":[{"href":"https:\/\/wilmannsykkel.no\/index.php?rest_route=\/wp\/v2\/pages"}],"about":[{"href":"https:\/\/wilmannsykkel.no\/index.php?rest_route=\/wp\/v2\/types\/page"}],"author":[{"embeddable":true,"href":"https:\/\/wilmannsykkel.no\/index.php?rest_route=\/wp\/v2\/users\/1"}],"replies":[{"embeddable":true,"href":"https:\/\/wilmannsykkel.no\/index.php?rest_route=%2Fwp%2Fv2%2Fcomments&post=9"}],"version-history":[{"count":65,"href":"https:\/\/wilmannsykkel.no\/index.php?rest_route=\/wp\/v2\/pages\/9\/revisions"}],"predecessor-version":[{"id":212,"href":"https:\/\/wilmannsykkel.no\/index.php?rest_route=\/wp\/v2\/pages\/9\/revisions\/212"}],"wp:attachment":[{"href":"https:\/\/wilmannsykkel.no\/index.php?rest_route=%2Fwp%2Fv2%2Fmedia&parent=9"}],"curies":[{"name":"wp","href":"https:\/\/api.w.org\/{rel}","templated":true}]}}